{"id":1594,"date":"2026-03-10T18:03:54","date_gmt":"2026-03-10T21:03:54","guid":{"rendered":"https:\/\/archgallerydesign.art.br\/?page_id=1594"},"modified":"2026-03-10T18:45:57","modified_gmt":"2026-03-10T21:45:57","slug":"staff","status":"publish","type":"page","link":"https:\/\/archgallerydesign.art.br\/?page_id=1594","title":{"rendered":"Staff"},"content":{"rendered":"\n<h4 class=\"wp-block-heading\">Staff \u2014 arch gallery &amp; design<\/h4>\n\n\n\n<h5 class=\"wp-block-heading\">Samuel Serpa<\/h5>\n\n\n\n<h5 class=\"wp-block-heading\"><strong>Founder &amp; Editor-in-Chief<\/strong><\/h5>\n\n\n\n<p class=\"wp-block-paragraph\">Samuel Serpa is a Brazilian journalist with international credentials (International Press Card BR21018) and the founding voice behind arch gallery &amp; design. Holding degrees in both Journalism and Interior Design, with a postgraduate specialization in Design from FAAP (Funda\u00e7\u00e3o Armando Alvares Penteado) in S\u00e3o Paulo, he brings a rare dual fluency to his work \u2014 the rigor of a journalist and the trained eye of a designer.<\/p>\n\n\n\n<p class=\"wp-block-paragraph\">Based between New York and S\u00e3o Paulo, Samuel covers the full spectrum of the creative world: architecture, interior design, contemporary art, and authorial design. He has built the magazine\u2019s reputation on in-depth reporting, artist profiles, and an editorial sensibility that treats craft and creativity as serious cultural subjects.<\/p>\n\n\n\n<p class=\"wp-block-paragraph\">At arch gallery &amp; design, Samuel writes, edits, and directs the publication\u2019s editorial vision \u2014 taking each story from studio visit to finished page with the same level of care and curiosity.<\/p>\n\n\n\n<p class=\"wp-block-paragraph\">&nbsp;New York, NY \/ S\u00e3o Paulo, SP&nbsp;Instagram: @samuel_serpa<\/p>\n\n\n\n<p class=\"wp-block-paragraph\"><\/p>\n","protected":false},"excerpt":{"rendered":"<p>Staff \u2014 arch gallery &amp; design Samuel Serpa Founder &amp; Editor-in-Chief Samuel Serpa is a Brazilian journalist with international credentials (International Press Card BR21018) and the founding voice behind arch&hellip;<\/p>\n","protected":false},"author":1,"featured_media":0,"parent":0,"menu_order":0,"comment_status":"closed","ping_status":"closed","template":"","meta":{"_crdt_document":"","footnotes":""},"class_list":["post-1594","page","type-page","status-publish","hentry"],"_links":{"self":[{"href":"https:\/\/archgallerydesign.art.br\/index.php?rest_route=\/wp\/v2\/pages\/1594","targetHints":{"allow":["GET"]}}],"collection":[{"href":"https:\/\/archgallerydesign.art.br\/index.php?rest_route=\/wp\/v2\/pages"}],"about":[{"href":"https:\/\/archgallerydesign.art.br\/index.php?rest_route=\/wp\/v2\/types\/page"}],"author":[{"embeddable":true,"href":"https:\/\/archgallerydesign.art.br\/index.php?rest_route=\/wp\/v2\/users\/1"}],"replies":[{"embeddable":true,"href":"https:\/\/archgallerydesign.art.br\/index.php?rest_route=%2Fwp%2Fv2%2Fcomments&post=1594"}],"version-history":[{"count":4,"href":"https:\/\/archgallerydesign.art.br\/index.php?rest_route=\/wp\/v2\/pages\/1594\/revisions"}],"predecessor-version":[{"id":1622,"href":"https:\/\/archgallerydesign.art.br\/index.php?rest_route=\/wp\/v2\/pages\/1594\/revisions\/1622"}],"wp:attachment":[{"href":"https:\/\/archgallerydesign.art.br\/index.php?rest_route=%2Fwp%2Fv2%2Fmedia&parent=1594"}],"curies":[{"name":"wp","href":"https:\/\/api.w.org\/{rel}","templated":true}]}}